{"id":7424,"date":"2025-01-15T13:40:25","date_gmt":"2025-01-15T13:40:25","guid":{"rendered":"https:\/\/tagesmutter-vellmar.de\/?page_id=7424"},"modified":"2025-02-03T16:15:52","modified_gmt":"2025-02-03T16:15:52","slug":"impressum","status":"publish","type":"page","link":"https:\/\/tagesmutter-vellmar.de\/index.php\/impressum\/","title":{"rendered":"Impres\u00adsum"},"content":{"rendered":"\n<h3 class=\"wp-block-heading\">Anbie\u00adter\u00adkenn\u00adzeich\u00adnung nach dem Tel\u00ade\u00addienst\u00adge\u00adsetz (TDG)<\/h3>\n\n\n\n<p>Anbie\u00adter\u00adkenn\u00adzeich\u00adnung nach dem Tel\u00ade\u00addienst\u00adge\u00adsetz (TDG)<\/p>\n\n\n\n<p><strong>Bianka Gr\u00e4f<\/strong><br>Kin\u00adder\u00adta\u00adges\u00adpfle\u00adge\u00adper\u00adson<br>Oster\u00adberg\u00adstra\u00dfe 22<br>34246 Vell\u00admar<br><br>Tele\u00adfon 0561\/8200634<br><a href=\"mailto:bg@tagesmutter-vellmar.de\">bg@\u200btagesmutter-\u200bvellmar.\u200bde<\/a><\/p>\n\n\n\n<hr class=\"wp-block-separator has-text-color has-black-color has-alpha-channel-opacity has-black-background-color has-background is-style-wide\">\n\n\n\n<p class=\"has-normal-font-size\"><strong>Web\u00adde\u00adsign<\/strong> <br><br><a href=\"htpps:\/\/www.IMMERFREUNDLICH.de\" data-type=\"link\" data-id=\"hhtps:\/\/www.IMMERFREUNDLICH.de\" target=\"_blank\" rel=\"noreferrer noopener\">www\u200b.immer\u200bfreund\u200blich\u200b.de<\/a><br><a href=\"mailto:info@immerfreundlich.de\" target=\"_blank\" rel=\"noreferrer noopener\">Bir\u00adgit Rosenbaum<\/a><\/p>\n\n\n\n<p>Foto\u00adgra\u00adfien<br><a href=\"http:\\\\www.immerfreundlich.de\" target=\"_blank\" rel=\"noreferrer noopener\">Bir\u00adgit Rosen\u00adbaum<\/a><br><a href=\"https:\/\/www.graef-edv.de\/index.php\" target=\"_blank\" rel=\"noreferrer noopener\">Peter Gr\u00e4f<\/a><br><a href=\"https:\/\/stock.adobe.com\/de\" target=\"_blank\" rel=\"noreferrer noopener\">Adobe Stock<\/a><\/p>\n\n\n\n<h4 class=\"wp-block-heading\">Haf\u00adtungs\u00adaus\u00adschluss (Dis\u00adclai\u00admer)<\/h4>\n\n\n\n<p><strong>Haf\u00adtung f\u00fcr Inhalte<\/strong><br>Die Inhalte unse\u00adrer Sei\u00adten wur\u00adden mit gr\u00f6\u00df\u00adter Sorg\u00adfalt erstellt. F\u00fcr die Rich\u00adtig\u00adkeit, Voll\u00adst\u00e4n\u00addig\u00adkeit und Aktua\u00adli\u00adt\u00e4t der Inhalte k\u00f6n\u00adnen wir jedoch keine Gew\u00e4hr \u00fcber\u00adneh\u00admen.<br>Als Diens\u00adte\u00adan\u00adbie\u00adter sind wir gem\u00e4\u00df \u00a7 7&nbsp;Abs.1 TMG f\u00fcr eigene Inhalte auf die\u00adsen Sei\u00adten nach den all\u00adge\u00admei\u00adnen Geset\u00adzen ver\u00adant\u00adwort\u00adlich. Nach \u00a7\u00a7 8&nbsp;bis 10 TMG sind wir als Diens\u00adte\u00adan\u00adbie\u00adter jedoch nicht ver\u00adpflich\u00adtet, \u00fcber\u00admit\u00adtelte oder gespei\u00adcherte fremde Infor\u00adma\u00adtio\u00adnen zu \u00fcber\u00adwa\u00adchen oder nach Umst\u00e4n\u00adden zu for\u00adschen, die auf eine rechts\u00adwid\u00adrige T\u00e4tig\u00adkeit hin\u00adwei\u00adsen. Ver\u00adpflich\u00adtun\u00adgen zur Ent\u00adfer\u00adnung oder Sper\u00adrung der Nut\u00adzung von Infor\u00adma\u00adtio\u00adnen nach den all\u00adge\u00admei\u00adnen Geset\u00adzen blei\u00adben hier\u00advon unbe\u00adr\u00fchrt. Eine dies\u00adbe\u00adz\u00fcg\u00adli\u00adche Haf\u00adtung ist jedoch erst ab dem Zeit\u00adpunkt der Kennt\u00adnis einer kon\u00adkre\u00adten Rechts\u00adver\u00adlet\u00adzung m\u00f6g\u00adlich. Bei Bekannt\u00adwer\u00adden von ent\u00adspre\u00adchen\u00adden Rechts\u00adver\u00adlet\u00adzun\u00adgen wer\u00adden wir diese Inhalte umge\u00adhend entfernen.<\/p>\n\n\n\n<p><strong>Haf\u00adtung f\u00fcr Links<\/strong><br>Unser Ange\u00adbot ent\u00adh\u00e4lt Links zu exter\u00adnen Web\u00adsei\u00adten Drit\u00adter, auf deren Inhalte wir kei\u00adnen Ein\u00adfluss haben. Des\u00adhalb k\u00f6n\u00adnen wir f\u00fcr diese frem\u00adden Inhalte auch keine Gew\u00e4hr \u00fcber\u00adneh\u00admen. F\u00fcr die Inhalte der ver\u00adlink\u00adten Sei\u00adten ist stets der jewei\u00adlige Anbie\u00adter oder Betrei\u00adber der Sei\u00adten ver\u00adant\u00adwort\u00adlich. Die ver\u00adlink\u00adten Sei\u00adten wur\u00adden zum Zeit\u00adpunkt der Ver\u00adlin\u00adkung auf m\u00f6g\u00adli\u00adche Rechts\u00adver\u00adst\u00f6\u00dfe \u00fcber\u00adpr\u00fcft. Rechts\u00adwid\u00adrige Inhalte waren zum Zeit\u00adpunkt der Ver\u00adlin\u00adkung nicht erkenn\u00adbar. Eine per\u00adma\u00adnente inhalt\u00adli\u00adche Kon\u00adtrolle der ver\u00adlink\u00adten Sei\u00adten ist jedoch ohne kon\u00adkrete Anhalts\u00adpunkte einer Rechts\u00adver\u00adlet\u00adzung nicht zumut\u00adbar. Bei Bekannt\u00adwer\u00adden von Rechts\u00adver\u00adlet\u00adzun\u00adgen wer\u00adden wir der\u00adar\u00adtige Links umge\u00adhend entfernen.<\/p>\n\n\n\n<p><strong>Urhe\u00adber\u00adrecht<\/strong><br>Die durch die Sei\u00adten\u00adbe\u00adtrei\u00adber erstell\u00adten Inhalte und Werke auf die\u00adsen Sei\u00adten unter\u00adlie\u00adgen dem deut\u00adschen Urhe\u00adber\u00adrecht. Die Ver\u00adviel\u00adf\u00e4l\u00adti\u00adgung, Bear\u00adbei\u00adtung, Ver\u00adbrei\u00adtung und jede Art der Ver\u00adwer\u00adtung au\u00dfer\u00adhalb der Gren\u00adzen des Urhe\u00adber\u00adrech\u00adtes bed\u00fcr\u00adfen der schrift\u00adli\u00adchen Zustim\u00admung des jewei\u00adli\u00adgen Autors bzw. Erstel\u00adlers. Down\u00adloads und Kopien die\u00adser Seite sind nur f\u00fcr den pri\u00adva\u00adten, nicht kom\u00admer\u00adzi\u00adel\u00adlen Gebrauch gestat\u00adtet. Soweit die Inhalte auf die\u00adser Seite nicht vom Betrei\u00adber erstellt wur\u00adden, wer\u00adden die Urhe\u00adber\u00adrechte Drit\u00adter beach\u00adtet. Ins\u00adbe\u00adson\u00addere wer\u00adden Inhalte Drit\u00adter als sol\u00adche gekenn\u00adzeich\u00adnet. Soll\u00adten Sie trotz\u00addem auf eine Urhe\u00adber\u00adrechts\u00adver\u00adlet\u00adzung auf\u00admerk\u00adsam wer\u00adden, bit\u00adten wir um einen ent\u00adspre\u00adchen\u00adden Hin\u00adweis. Bei Bekannt\u00adwer\u00adden von Rechts\u00adver\u00adlet\u00adzun\u00adgen wer\u00adden wir der\u00adar\u00adtige Inhalte umge\u00adhend entfernen.<\/p>\n\n\n\n<p><strong>Daten\u00adschutz<\/strong><br>Die Nut\u00adzung unse\u00adrer Web\u00adseite ist in der Regel ohne Angabe per\u00adso\u00adnen\u00adbe\u00adzo\u00adge\u00adner Daten m\u00f6g\u00adlich. Soweit auf unse\u00adren Sei\u00adten per\u00adso\u00adnen\u00adbe\u00adzo\u00adgene Daten (bei\u00adspiels\u00adweise Name, Anschrift oder eMail-Adres\u00adsen) erho\u00adben wer\u00adden, erfolgt dies, soweit m\u00f6g\u00adlich, stets auf frei\u00adwil\u00adli\u00adger Basis. Diese Daten wer\u00adden ohne Ihre aus\u00addr\u00fcck\u00adli\u00adche Zustim\u00admung nicht an Dritte wei\u00adter\u00adge\u00adge\u00adben.<br>Wir wei\u00adsen dar\u00adauf hin, dass die Daten\u00ad\u00fcber\u00adtra\u00adgung im Inter\u00adnet (z.B. bei der Kom\u00admu\u00adni\u00adka\u00adtion per E\u2011Mail) Sicher\u00adheits\u00adl\u00fc\u00adcken auf\u00adwei\u00adsen kann. Ein l\u00fccken\u00adlo\u00adser Schutz der Daten vor dem Zugriff durch Dritte ist nicht m\u00f6glich.<\/p>\n\n\n\n<p>Der Nut\u00adzung von im Rah\u00admen der Impres\u00adsums\u00adpflicht ver\u00ad\u00f6f\u00adfent\u00adlich\u00adten Kon\u00adtakt\u00adda\u00adten durch Dritte zur \u00dcber\u00adsen\u00addung von nicht aus\u00addr\u00fcck\u00adlich ange\u00adfor\u00adder\u00adter Wer\u00adbung und Infor\u00adma\u00adti\u00adons\u00adma\u00adte\u00adria\u00adlien wird hier\u00admit aus\u00addr\u00fcck\u00adlich wider\u00adspro\u00adchen. Die Betrei\u00adber der Sei\u00adten behal\u00adten sich aus\u00addr\u00fcck\u00adlich recht\u00adli\u00adche Schritte im Falle der unver\u00adlang\u00adten Zusen\u00addung von Wer\u00adbe\u00adinfor\u00adma\u00adtio\u00adnen, etwa durch Spam-Mails, vor.<\/p>\n\n\n\n<p>Quelle:&nbsp;<a href=\"http:\/\/erecht24.de\/\" target=\"_blank\" rel=\"noreferrer noopener\">eRe\u200bch\u200bt24\u200b.de<\/a> \u2013 Inter\u00adnet\u00adrecht von Rechts\u00adan\u00adwalt S\u00f6ren Siebert<\/p>\n\n\n\n<p><\/p>\n","protected":false},"excerpt":{"rendered":"<p>Anbie\u00adter\u00adkenn\u00adzeich\u00adnung nach dem Tel\u00ade\u00addienst\u00adge\u00adsetz (TDG) Anbie\u00adter\u00adkenn\u00adzeich\u00adnung nach dem Tel\u00ade\u00addienst\u00adge\u00adsetz (TDG) Bianka Gr\u00e4fKin\u00adder\u00adta\u00adges\u00adpfle\u00adge\u00adper\u00adsonOster\u00adberg\u00adstra\u00dfe 2234246 Vell\u00admar Tele\u00adfon 0561\/8200634bg@\u200btagesmutter-\u200bvellmar.\u200bde Web\u00adde\u00adsign www\u200b.immer\u200bfreund\u200blich\u200b.deBir\u00adgit Rosen\u00adbaum Foto\u00adgra\u00adfienBir\u00adgit Rosen\u00adbaumPeter Gr\u00e4\u00adfAdobe Stock Haf\u00adtungs\u00adaus\u00adschluss (Dis\u00adclai\u00admer) Haf\u00adtung f\u00fcr Inhal\u00adte\u00adDie Inhalte unse\u00adrer Sei\u00adten wur\u00adden mit gr\u00f6\u00df\u00adter Sorg\u00adfalt erstellt. F\u00fcr die Rich\u00adtig\u00adkeit, Voll\u00adst\u00e4n\u00addig\u00adkeit und Aktua\u00adli\u00adt\u00e4t der Inhalte k\u00f6n\u00adnen wir jedoch keine Gew\u00e4hr \u00fcber\u00adneh\u00admen.Als Diens\u00adte\u00adan\u00adbie\u00adter sind wir gem\u00e4\u00df \u00a7 7&nbsp;Abs.1 TMG f\u00fcr eigene Inhalte auf die\u00adsen Sei\u00adten nach den all\u00adge\u00admei\u00adnen Geset\u00adzen ver\u00adant\u00adwort\u00adlich. Nach \u00a7\u00a7 8&nbsp;bis 10 TMG sind wir als Diens\u00adte\u00adan\u00adbie\u00adter jedoch nicht ver\u00adpflich\u00adtet, \u00fcber\u00admit\u00adtelte oder gespei\u00adcherte fremde Infor\u00adma\u00adtio\u00adnen zu \u00fcber\u00adwa\u00adchen oder nach Umst\u00e4n\u00adden zu for\u00adschen, die auf eine rechts\u00adwid\u00adrige T\u00e4tig\u00adkeit hin\u00adwei\u00adsen. Ver\u00adpflich\u00adtun\u00adgen zur Ent\u00adfer\u00adnung oder Sper\u00adrung der Nut\u00adzung von Infor\u00adma\u00adtio\u00adnen nach den all\u00adge\u00admei\u00adnen Geset\u00adzen blei\u00adben hier\u00advon unbe\u00adr\u00fchrt. Eine dies\u00adbe\u00adz\u00fcg\u00adli\u00adche Haf\u00adtung ist jedoch erst ab dem Zeit\u00adpunkt der Kennt\u00adnis einer kon\u00adkre\u00adten Rechts\u00adver\u00adlet\u00adzung m\u00f6g\u00adlich. Bei Bekannt\u00adwer\u00adden von ent\u00adspre\u00adchen\u00adden Rechts\u00adver\u00adlet\u00adzun\u00adgen wer\u00adden wir diese Inhalte umge\u00adhend ent\u00adfer\u00adnen. Haf\u00adtung f\u00fcr Links\u00adUn\u00adser Ange\u00adbot ent\u00adh\u00e4lt Links zu exter\u00adnen Web\u00adsei\u00adten Drit\u00adter, \u2026 <a href=\"https:\/\/tagesmutter-vellmar.de\/index.php\/impressum\/\" class=\"more-link\"><span class=\"more-button\">Wei\u00adter\u00adle\u00adsen<span class=\"screen-reader-text\">Impres\u00adsum<\/span><\/span><\/a><\/p>\n","protected":false},"author":1,"featured_media":7448,"parent":0,"menu_order":0,"comment_status":"closed","ping_status":"closed","template":"","meta":{"wp_typography_post_enhancements_disabled":false,"footnotes":""},"class_list":["post-7424","page","type-page","status-publish","has-post-thumbnail","hentry"],"_links":{"self":[{"href":"https:\/\/tagesmutter-vellmar.de\/index.php\/wp-json\/wp\/v2\/pages\/7424","targetHints":{"allow":["GET"]}}],"collection":[{"href":"https:\/\/tagesmutter-vellmar.de\/index.php\/wp-json\/wp\/v2\/pages"}],"about":[{"href":"https:\/\/tagesmutter-vellmar.de\/index.php\/wp-json\/wp\/v2\/types\/page"}],"author":[{"embeddable":true,"href":"https:\/\/tagesmutter-vellmar.de\/index.php\/wp-json\/wp\/v2\/users\/1"}],"replies":[{"embeddable":true,"href":"https:\/\/tagesmutter-vellmar.de\/index.php\/wp-json\/wp\/v2\/comments?post=7424"}],"version-history":[{"count":5,"href":"https:\/\/tagesmutter-vellmar.de\/index.php\/wp-json\/wp\/v2\/pages\/7424\/revisions"}],"predecessor-version":[{"id":7536,"href":"https:\/\/tagesmutter-vellmar.de\/index.php\/wp-json\/wp\/v2\/pages\/7424\/revisions\/7536"}],"wp:featuredmedia":[{"embeddable":true,"href":"https:\/\/tagesmutter-vellmar.de\/index.php\/wp-json\/wp\/v2\/media\/7448"}],"wp:attachment":[{"href":"https:\/\/tagesmutter-vellmar.de\/index.php\/wp-json\/wp\/v2\/media?parent=7424"}],"curies":[{"name":"wp","href":"https:\/\/api.w.org\/{rel}","templated":true}]}}